{"id":4,"date":"2026-05-13T08:24:24","date_gmt":"2026-05-13T08:24:24","guid":{"rendered":"https:\/\/vwh6383.133.vedos.website\/uvodni-stranka\/"},"modified":"2026-05-13T09:05:26","modified_gmt":"2026-05-13T09:05:26","slug":"uvodni-stranka","status":"publish","type":"page","link":"https:\/\/vwh6383.133.vedos.website\/","title":{"rendered":"\u00davodn\u00ed str\u00e1nka"},"content":{"rendered":"\n<p>V\u00edtejte na m\u00fdch str\u00e1nk\u00e1ch, kde najdete aktu\u00e1ln\u00ed nab\u00eddku kurz\u016f tance pro v\u0161echny v\u011bkov\u00e9 kategorie<\/p>\n","protected":false},"excerpt":{"rendered":"<p>V\u00edtejte na m\u00fdch str\u00e1nk\u00e1ch, kde najdete aktu\u00e1ln\u00ed nab\u00eddku kurz\u016f tance pro v\u0161echny v\u011bkov\u00e9 kategorie<\/p>\n","protected":false},"author":1,"featured_media":0,"parent":0,"menu_order":1,"comment_status":"closed","ping_status":"closed","template":"","meta":{"footnotes":""},"class_list":["post-4","page","type-page","status-publish","hentry"],"_links":{"self":[{"href":"https:\/\/vwh6383.133.vedos.website\/index.php?rest_route=\/wp\/v2\/pages\/4","targetHints":{"allow":["GET"]}}],"collection":[{"href":"https:\/\/vwh6383.133.vedos.website\/index.php?rest_route=\/wp\/v2\/pages"}],"about":[{"href":"https:\/\/vwh6383.133.vedos.website\/index.php?rest_route=\/wp\/v2\/types\/page"}],"author":[{"embeddable":true,"href":"https:\/\/vwh6383.133.vedos.website\/index.php?rest_route=\/wp\/v2\/users\/1"}],"replies":[{"embeddable":true,"href":"https:\/\/vwh6383.133.vedos.website\/index.php?rest_route=%2Fwp%2Fv2%2Fcomments&post=4"}],"version-history":[{"count":2,"href":"https:\/\/vwh6383.133.vedos.website\/index.php?rest_route=\/wp\/v2\/pages\/4\/revisions"}],"predecessor-version":[{"id":14,"href":"https:\/\/vwh6383.133.vedos.website\/index.php?rest_route=\/wp\/v2\/pages\/4\/revisions\/14"}],"wp:attachment":[{"href":"https:\/\/vwh6383.133.vedos.website\/index.php?rest_route=%2Fwp%2Fv2%2Fmedia&parent=4"}],"curies":[{"name":"wp","href":"https:\/\/api.w.org\/{rel}","templated":true}]}}