{"id":2,"date":"2026-05-13T08:24:24","date_gmt":"2026-05-13T08:24:24","guid":{"rendered":"https:\/\/vwh6383.133.vedos.website\/?page_id=2"},"modified":"2026-05-13T09:49:27","modified_gmt":"2026-05-13T09:49:27","slug":"sample-page","status":"publish","type":"page","link":"https:\/\/vwh6383.133.vedos.website\/?page_id=2","title":{"rendered":"Nab\u00eddka"},"content":{"rendered":"\n<p><strong>Tanec pro d\u011bti <\/strong><\/p>\n\n\n\n<p><strong>tane\u010dn\u00ed obor ZU\u0160 \u010cerno\u0161ice<\/strong><\/p>\n\n\n\n<ul class=\"wp-block-list\">\n<li>pohybov\u00e1 v\u00fdchova<\/li>\n\n\n\n<li>lidov\u00fd tanec<\/li>\n\n\n\n<li>sou\u010dasn\u00fd tanec<\/li>\n\n\n\n<li>p\u0159ihl\u00e1\u0161en\u00ed na: <a href=\"https:\/\/www.izus.cz\/prihlaska_do_zus\/?zus=53\" target=\"_blank\" rel=\"noreferrer noopener\">www.izus.cz<\/a><\/li>\n<\/ul>\n\n\n\n<p><strong>M\u0160 Husova<\/strong><\/p>\n\n\n\n<ul class=\"wp-block-list\">\n<li>&#8230;<\/li>\n<\/ul>\n\n\n\n<p><strong>Sokol \u010cerno\u0161ice<\/strong><\/p>\n\n\n\n<ul class=\"wp-block-list\">\n<li>&#8230;<\/li>\n<\/ul>\n\n\n\n<p><strong>Tanec pro dosp\u011bl\u00e9<\/strong><\/p>\n\n\n\n<ul class=\"wp-block-list\">\n<li>lidov\u00fd tanec, \u00fater\u00fd 19.30 &#8211; 20.50, Komensk\u00e9ho 77, 252 28 \u010cerno\u0161ice (t\u011blocvi\u010dna Z\u0160 \u010cerno\u0161ice)<\/li>\n\n\n\n<li>p\u0159ihl\u00e1\u0161en\u00ed na: magda.voldrichova@seznam.cz <\/li>\n<\/ul>\n\n\n\n<p><\/p>\n","protected":false},"excerpt":{"rendered":"<p>Tanec pro d\u011bti tane\u010dn\u00ed obor ZU\u0160 \u010cerno\u0161ice M\u0160 Husova Sokol \u010cerno\u0161ice Tanec pro dosp\u011bl\u00e9<\/p>\n","protected":false},"author":1,"featured_media":0,"parent":0,"menu_order":3,"comment_status":"closed","ping_status":"closed","template":"","meta":{"footnotes":""},"class_list":["post-2","page","type-page","status-publish","hentry"],"_links":{"self":[{"href":"https:\/\/vwh6383.133.vedos.website\/index.php?rest_route=\/wp\/v2\/pages\/2","targetHints":{"allow":["GET"]}}],"collection":[{"href":"https:\/\/vwh6383.133.vedos.website\/index.php?rest_route=\/wp\/v2\/pages"}],"about":[{"href":"https:\/\/vwh6383.133.vedos.website\/index.php?rest_route=\/wp\/v2\/types\/page"}],"author":[{"embeddable":true,"href":"https:\/\/vwh6383.133.vedos.website\/index.php?rest_route=\/wp\/v2\/users\/1"}],"replies":[{"embeddable":true,"href":"https:\/\/vwh6383.133.vedos.website\/index.php?rest_route=%2Fwp%2Fv2%2Fcomments&post=2"}],"version-history":[{"count":2,"href":"https:\/\/vwh6383.133.vedos.website\/index.php?rest_route=\/wp\/v2\/pages\/2\/revisions"}],"predecessor-version":[{"id":17,"href":"https:\/\/vwh6383.133.vedos.website\/index.php?rest_route=\/wp\/v2\/pages\/2\/revisions\/17"}],"wp:attachment":[{"href":"https:\/\/vwh6383.133.vedos.website\/index.php?rest_route=%2Fwp%2Fv2%2Fmedia&parent=2"}],"curies":[{"name":"wp","href":"https:\/\/api.w.org\/{rel}","templated":true}]}}