{"id":12,"date":"2026-05-13T08:53:21","date_gmt":"2026-05-13T08:53:21","guid":{"rendered":"https:\/\/vwh6383.133.vedos.website\/?page_id=12"},"modified":"2026-05-13T09:49:35","modified_gmt":"2026-05-13T09:49:35","slug":"kontakt","status":"publish","type":"page","link":"https:\/\/vwh6383.133.vedos.website\/?page_id=12","title":{"rendered":"Kontakt"},"content":{"rendered":"\n<p>email: magda.voldrichova@seznam.cz<\/p>\n\n\n\n<p>telefon: +420 721 137 637<\/p>\n\n\n\n<p>adresa: Komensk\u00e9ho 76, \u010cerno\u0161ice 252 28<\/p>\n\n\n\n<p><\/p>\n","protected":false},"excerpt":{"rendered":"<p>email: magda.voldrichova@seznam.cz telefon: +420 721 137 637 adresa: Komensk\u00e9ho 76, \u010cerno\u0161ice 252 28<\/p>\n","protected":false},"author":1,"featured_media":0,"parent":0,"menu_order":4,"comment_status":"closed","ping_status":"closed","template":"","meta":{"footnotes":""},"class_list":["post-12","page","type-page","status-publish","hentry"],"_links":{"self":[{"href":"https:\/\/vwh6383.133.vedos.website\/index.php?rest_route=\/wp\/v2\/pages\/12","targetHints":{"allow":["GET"]}}],"collection":[{"href":"https:\/\/vwh6383.133.vedos.website\/index.php?rest_route=\/wp\/v2\/pages"}],"about":[{"href":"https:\/\/vwh6383.133.vedos.website\/index.php?rest_route=\/wp\/v2\/types\/page"}],"author":[{"embeddable":true,"href":"https:\/\/vwh6383.133.vedos.website\/index.php?rest_route=\/wp\/v2\/users\/1"}],"replies":[{"embeddable":true,"href":"https:\/\/vwh6383.133.vedos.website\/index.php?rest_route=%2Fwp%2Fv2%2Fcomments&post=12"}],"version-history":[{"count":1,"href":"https:\/\/vwh6383.133.vedos.website\/index.php?rest_route=\/wp\/v2\/pages\/12\/revisions"}],"predecessor-version":[{"id":13,"href":"https:\/\/vwh6383.133.vedos.website\/index.php?rest_route=\/wp\/v2\/pages\/12\/revisions\/13"}],"wp:attachment":[{"href":"https:\/\/vwh6383.133.vedos.website\/index.php?rest_route=%2Fwp%2Fv2%2Fmedia&parent=12"}],"curies":[{"name":"wp","href":"https:\/\/api.w.org\/{rel}","templated":true}]}}